{"id":21,"date":"2022-06-15T15:48:13","date_gmt":"2022-06-15T13:48:13","guid":{"rendered":"http:\/\/prix-tournesol-avignon.fr\/?page_id=21"},"modified":"2022-06-15T15:53:24","modified_gmt":"2022-06-15T13:53:24","slug":"charte-des-compagnies","status":"publish","type":"page","link":"https:\/\/prix-tournesol-avignon.fr\/?page_id=21","title":{"rendered":"Charte des compagnies"},"content":{"rendered":"\n<div class=\"wp-block-columns is-layout-flex wp-container-core-columns-is-layout-28f84493 wp-block-columns-is-layout-flex\">\n<div class=\"wp-block-column is-layout-flow wp-block-column-is-layout-flow\" style=\"flex-basis:33.33%\">\n<div class=\"wp-block-columns is-layout-flex wp-container-core-columns-is-layout-28f84493 wp-block-columns-is-layout-flex\">\n<div class=\"wp-block-column is-layout-flow wp-block-column-is-layout-flow\" style=\"flex-basis:100%\">\n<figure class=\"wp-block-image size-large\"><img data-recalc-dims=\"1\" fetchpriority=\"high\" decoding=\"async\" width=\"768\" height=\"1024\" src=\"https:\/\/i0.wp.com\/prix-tournesol-avignon.fr\/wp-content\/uploads\/2022\/06\/A-fleur-de-tournesol-sur-fond-de-ciel-bleu-1252394701_24.jpg?resize=768%2C1024&#038;ssl=1\" alt=\"\" class=\"wp-image-22\" srcset=\"https:\/\/i0.wp.com\/prix-tournesol-avignon.fr\/wp-content\/uploads\/2022\/06\/A-fleur-de-tournesol-sur-fond-de-ciel-bleu-1252394701_24.jpg?resize=768%2C1024&amp;ssl=1 768w, https:\/\/i0.wp.com\/prix-tournesol-avignon.fr\/wp-content\/uploads\/2022\/06\/A-fleur-de-tournesol-sur-fond-de-ciel-bleu-1252394701_24.jpg?resize=225%2C300&amp;ssl=1 225w, https:\/\/i0.wp.com\/prix-tournesol-avignon.fr\/wp-content\/uploads\/2022\/06\/A-fleur-de-tournesol-sur-fond-de-ciel-bleu-1252394701_24.jpg?resize=1152%2C1536&amp;ssl=1 1152w, https:\/\/i0.wp.com\/prix-tournesol-avignon.fr\/wp-content\/uploads\/2022\/06\/A-fleur-de-tournesol-sur-fond-de-ciel-bleu-1252394701_24.jpg?w=1200&amp;ssl=1 1200w\" sizes=\"(max-width: 768px) 100vw, 768px\" \/><figcaption>A fleur de tournesol sur fond de ciel bleu<\/figcaption><\/figure>\n\n\n\n<figure class=\"wp-block-image size-full\"><img data-recalc-dims=\"1\" decoding=\"async\" width=\"829\" height=\"798\" src=\"https:\/\/i0.wp.com\/prix-tournesol-avignon.fr\/wp-content\/uploads\/2022\/06\/logo-AFC.jpg?resize=829%2C798&#038;ssl=1\" alt=\"\" class=\"wp-image-25\" srcset=\"https:\/\/i0.wp.com\/prix-tournesol-avignon.fr\/wp-content\/uploads\/2022\/06\/logo-AFC.jpg?w=829&amp;ssl=1 829w, https:\/\/i0.wp.com\/prix-tournesol-avignon.fr\/wp-content\/uploads\/2022\/06\/logo-AFC.jpg?resize=300%2C289&amp;ssl=1 300w, https:\/\/i0.wp.com\/prix-tournesol-avignon.fr\/wp-content\/uploads\/2022\/06\/logo-AFC.jpg?resize=768%2C739&amp;ssl=1 768w\" sizes=\"(max-width: 829px) 100vw, 829px\" \/><\/figure>\n<\/div>\n<\/div>\n<\/div>\n\n\n\n<div class=\"wp-block-column is-layout-flow wp-block-column-is-layout-flow\" style=\"flex-basis:66.66%\">\n<p><strong>Les Prix Tournesol<\/strong> <strong>du Spectacle Vivant<\/strong> sont d\u00e9cern\u00e9s durant le festival d\u2019Avignon et sont au nombre de 3\u202f:&nbsp;<\/p>\n\n\n\n<p><strong>. Le Prix \u00ab\u202fTournesol\u202f\u00bb<\/strong>\u202f: Prix du spectacle vivant adulte\u202f&nbsp;<\/p>\n\n\n\n<p><strong>. Le<\/strong> <strong>Prix \u00ab\u202fJeunes Pousses\u202f\u00bb<\/strong>\u202f: Prix du spectacle pour enfants&nbsp;&nbsp;<\/p>\n\n\n\n<p><strong>. Le<\/strong> <strong>Prix \u00ab Saltimbanques\u202f\u00bb<\/strong>\u202f: Prix Humour, Music-hall, Cirque, Clowns\u2026&nbsp;<\/p>\n\n\n\n<p>La pr\u00e9sente Charte s\u2019inspire pour partie de celle du prix Tournesol, invent\u00e9 il y a plus de de quinze ans au festival de BD d\u2019Angoul\u00eame, mais adapt\u00e9e au contexte du spectacle vivant durant le Festival d\u2019Avignon 2006, en \u00ab\u202fgrandeur nature\u202f\u00bb, avec plus de cinquante compagnies participantes \u00e0 cette premi\u00e8re \u00e9dition. (70 en 2010)&nbsp;&nbsp;<\/p>\n\n\n\n<p><strong>Sur les valeurs du prix Tournesol\u202f:&nbsp;<\/strong>&nbsp;<\/p>\n\n\n\n<p>Cr\u00e9\u00e9s \u00e0 l\u2019origine \u00e0 l\u2019initiative des Verts, ils sont d\u00e9sormais \u00e9largis au monde associatif.&nbsp;<\/p>\n\n\n\n<p>Ces prix TOURNESOL r\u00e9compensent chacun un spectacle vivant pr\u00e9sent\u00e9 durant le festival d\u2019Avignon, cr\u00e9ation ou reprise, d\u2019un auteur contemporain ou non, sans pr\u00e9juger de la forme du dit spectacle (th\u00e9\u00e2tre, musique, danse, vid\u00e9o, marionnettes, caf\u00e9-th\u00e9\u00e2tre, performance,\u2026).&nbsp;<\/p>\n\n\n\n<p>Les spectacles s\u00e9lectionn\u00e9s et nomin\u00e9s devront \u00e9voquer, d\u00e9fendre ou populariser les valeurs de l\u2019\u00e9cologie sociale et politique, au moins plusieurs d\u2019entre elles : d\u00e9fense de la nature et de l\u2019environnement, d\u00e9croissance solidaire, justice sociale, \u00e9conomie solidaire, citoyennet\u00e9, solidarit\u00e9 Nord-Sud, d\u00e9fense des minorit\u00e9s, antiracisme, pacifisme et non-violence, lutte contre les exclusions et \u00e9galit\u00e9 des droits, etc\u2026&nbsp;<\/p>\n\n\n\n<p>Le lien commun entre tous les spectacles choisis dans la s\u00e9lection globale Tournesol est de se pencher sur l\u2019avenir de l\u2019Homme, de l\u2019esp\u00e8ce ou de la plan\u00e8te\u202f: les questions cruciales qui se posent \u00e0 tout \u00eatre humain pr\u00e9sent aujourd\u2019hui au Monde.&nbsp;&nbsp;<\/p>\n\n\n\n<p>Puis, au-del\u00e0 de ce fond propos\u00e9 par les spectacles vivants participants, entreront \u00e9galement en ligne de compte pour l\u2019attribution du prix des crit\u00e8res artistiques ou organisationnels\u202f:&nbsp;&nbsp;<\/p>\n\n\n\n<ul class=\"wp-block-list\"><li>originalit\u00e9, approche et qualit\u00e9 de la mise en sc\u00e8ne, du travail des artistes&#8230;&nbsp;<\/li><\/ul>\n\n\n\n<ul class=\"wp-block-list\"><li>conditions d\u2019exercice et de cr\u00e9ation du spectacle \u00e9cologiques&nbsp;&nbsp;<\/li><\/ul>\n\n\n\n<ul class=\"wp-block-list\"><li>techniques\u202f: production de lumi\u00e8res (LED) ou de sons, cr\u00e9ation des d\u00e9cors de mani\u00e8re respectueuse de l\u2019environnement, en mati\u00e8re d\u2019\u00e9nergie produite ou consomm\u00e9e, de mat\u00e9riaux utilis\u00e9s, etc\u2026&nbsp;<\/li><li>\u00e9conomiques\u202f: conditions de salaires ou de travail des \u00e9quipes artistiques ou techniques, avec par exemple introduction de crit\u00e8res de culture \u00e9quitable, solidarit\u00e9s entre techniciens, artistes et administratifs, respect et am\u00e9lioration des r\u00e8gles du droit du travail, etc\u2026&nbsp;&nbsp;<\/li><li>d\u00e9marche g\u00e9n\u00e9rale de la compagnie&nbsp;<\/li><\/ul>\n\n\n\n<p><strong>Sur les participants\u202f:<\/strong>&nbsp;<\/p>\n\n\n\n<p>Ces prix concerneront uniquement les spectacles du OFF pr\u00e9sent\u00e9s au public durant la p\u00e9riode du festival 2011, quelle que soit la p\u00e9riode de programmation pr\u00e9c\u00e9dant le jour de la remise des prix, mais au-del\u00e0 d\u2019une seule et unique repr\u00e9sentation (afin de pouvoir faire appr\u00e9cier le spectacle par plus d\u2019une \u00e9quipe).&nbsp;<\/p>\n\n\n\n<p>Les Compagnies du spectacle vivant pr\u00e9sentes \u00e0 Avignon durant le festival seront averties en amont par mail ou par courrier de l\u2019existence du Prix Tournesol. Il sera stipul\u00e9 sur l\u2019avis d\u2019information que leur participation est gratuite, mais rendue possible si et seulement si elles permettent aux organisateurs l\u2019acc\u00e8s gratuit \u00e0 leur spectacle (concr\u00e8tement 2, voire 3 membres du jury, pour 1 ou plusieurs passages si le spectacle est retenu en phase 2). Ce sera la seule condition exig\u00e9e pour pouvoir concourir \u00e0 ce prix Tournesol.&nbsp;<\/p>\n\n\n\n<p>Le choix des spectacles concourant peut relever soit de l\u2019initiative du jury, soit venir de la demande expresse des compagnies th\u00e9\u00e2trales travaillant dans un des domaines relevant des valeurs mises en avant ci-dessus.&nbsp;<\/p>\n\n\n\n<p><strong>Sur les modalit\u00e9s d\u2019organisation du prix\u202f:<\/strong>&nbsp;<\/p>\n\n\n\n<p>Les prix Tournesol sont port\u00e9s juridiquement par une association culturelle fond\u00e9e par les initiateurs avignonnais des dits prix (association 5\u2019hop) mais sont d\u00e9sormais ouverts, outre \u00e0 des militants et organisations politiques \u00e9cologistes, \u00e0 toute association reconnue pour son engagement dans le domaine de l\u2019\u00e9cologie.&nbsp;<\/p>\n\n\n\n<p>Une participation symbolique de 50 \u20ac est demand\u00e9e \u00e0 ces associations pour faire partie du jury (en 2011, CREAvignon, Greenpeace 84, Maison Alternative et Solidaire, Vivre \u00e0 Cavaillon, Volubilis + EELV)&nbsp;<\/p>\n\n\n\n<p><strong>Sur le fonctionnement et la composition du jury\u202f:<\/strong>&nbsp;<\/p>\n\n\n\n<p>Le jury est compos\u00e9 d\u2019une \u00e9quipe d\u2019au moins 15 membres, compos\u00e9e majoritairement de militants \u00e9cologistes reconnus, coopt\u00e9s autour du noyau initial ayant \u0153uvr\u00e9 lors de la premi\u00e8re version des Prix Tournesol, et auxquels sont adjoints des repr\u00e9sentants d\u2019associations \u00e9cologistes ou culturelles ayant demand\u00e9 \u00e0 participer \u00e0 l\u2019action et valid\u00e9s par le premier cercle.&nbsp;&nbsp;<\/p>\n\n\n\n<p>Le travail du jury s\u2019effectue en deux temps, et sa composition peut diff\u00e9rer selon ces deux phases\u202f:&nbsp;<\/p>\n\n\n\n<p>En phase 1, durant les 10\/15 premiers jours, le jury se r\u00e9partit la t\u00e2che d\u2019aller voir l\u2019ensemble des spectacles s\u00e9lectionn\u00e9s pour participer au Prix Tournesol. L\u2019\u00e9quipe de base peut s\u2019adjoindre des personnes suppl\u00e9mentaires qui seraient disponibles pour accompagner tel ou tel membre du jury.&nbsp;<\/p>\n\n\n\n<p>Une premi\u00e8re s\u00e9lection sera effectu\u00e9e au fur et \u00e0 mesure des jours pass\u00e9s, permettant au terme de cette premi\u00e8re phase de retenir un deuxi\u00e8me niveau de spectacles, visionn\u00e9s eux durant cette deuxi\u00e8me phase, plus courte.&nbsp;<\/p>\n\n\n\n<p>Cette phase 2 (en principe quelques jours avant la nomination) ne requiert plus que l\u2019\u00e9quipe initiale d\u2019une quinzaine de personnes du jury tournesol et doit d\u00e9boucher sur cette s\u00e9lection d\u00e9finitive des nomin\u00e9s\u202f: 3 par cat\u00e9gorie. Puis la s\u00e9lection finale des laur\u00e9ats se tiendra la veille (ou l\u2019avant-veille) du jour choisi pour la remise des Prix.&nbsp;&nbsp;<\/p>\n\n\n\n<p><strong>Sur l\u2019organisation g\u00e9n\u00e9rale et la remise des Prix\u202f:<\/strong>&nbsp;<\/p>\n\n\n\n<p>La remise des Prix au terme de la s\u00e9lection par le jury sera m\u00e9diatis\u00e9e et se tiendra dans un lieu propice au rassemblement de quelques dizaines d\u2019amateurs ou militants int\u00e9ress\u00e9s par cette manifestation.&nbsp;&nbsp;<\/p>\n\n\n\n<p>Pourront \u00e9galement avoir lieu le m\u00eame jour l\u2019\u00e9colo parade et\/ou l\u2019organisation d\u2019une&nbsp; journ\u00e9e Culturelle militante.&nbsp;<\/p>\n\n\n\n<p>Chaque spectacle nomin\u00e9 se verra remettre symboliquement son troph\u00e9e \u00ab\u202fTournesol\u202f\u00bb (baptis\u00e9 ainsi parce que cette fleur est, dans le monde entier, un des symboles de l\u2019\u00e9cologie), oeuvre r\u00e9alis\u00e9e par un artiste selon les principes \u00e9cologistes (mat\u00e9riaux recycl\u00e9s ou naturels).&nbsp;&nbsp;<\/p>\n\n\n\n<p>Dans la suite, au-del\u00e0 de l\u2019\u00e9ventuel impact m\u00e9diatique de cette remise de prix,&nbsp;&nbsp;<\/p>\n\n\n\n<p>les organisateurs s\u2019engagent \u00e0 tout faire pour aider \u00e0 programmer ou faire programmer durant l\u2019ann\u00e9e qui suit ce spectacle vivant \u00e0 travers le r\u00e9seau d\u2019\u00e9lus \u00e9cologistes ou \u00e0 l\u2019occasion d\u2019une des nombreuses rencontres annuelles autour de l\u2019\u00e9cologie.&nbsp;&nbsp;<\/p>\n\n\n\n<p>L\u2019organisation et le portage mat\u00e9riel du prix Tournesol sont confi\u00e9s \u00e0 l\u2019association culturelle avignonnaise 5\u2019HOP, qui aura la ma\u00eetrise financi\u00e8re et mat\u00e9rielle de la mise en \u0153uvre de l\u2019action.&nbsp;<\/p>\n\n\n\n<p>\u00e0 Avignon, le 20 avril 2013&nbsp;<\/p>\n\n\n\n<p>Pour les organisateurs\u202f&nbsp;<\/p>\n\n\n\n<p>Jean-Luc Fauche,&nbsp;&nbsp;<\/p>\n\n\n\n<p>Coordinateur du Prix Tournesol&nbsp;<\/p>\n<\/div>\n<\/div>\n","protected":false},"excerpt":{"rendered":"<p>Les Prix Tournesol du Spectacle Vivant sont d\u00e9cern\u00e9s durant le festival d\u2019Avignon et sont au nombre de 3\u202f:&nbsp; . Le Prix \u00ab\u202fTournesol\u202f\u00bb\u202f: Prix du spectacle vivant adulte\u202f&nbsp; . Le Prix \u00ab\u202fJeunes Pousses\u202f\u00bb\u202f: Prix du spectacle pour enfants&nbsp;&nbsp; . Le Prix \u00ab Saltimbanques\u202f\u00bb\u202f: Prix Humour, Music-hall, Cirque, Clowns\u2026&nbsp; La pr\u00e9sente Charte s\u2019inspire pour partie de celle [&hellip;]<\/p>\n","protected":false},"author":1,"featured_media":0,"parent":0,"menu_order":0,"comment_status":"closed","ping_status":"closed","template":"","meta":{"footnotes":""},"class_list":["post-21","page","type-page","status-publish","hentry"],"yoast_head":"<!-- This site is optimized with the Yoast SEO plugin v26.8 - https:\/\/yoast.com\/product\/yoast-seo-wordpress\/ -->\n<title>Charte des compagnies - Prix Tournesol<\/title>\n<meta name=\"robots\" content=\"index, follow, max-snippet:-1, max-image-preview:large, max-video-preview:-1\" \/>\n<link rel=\"canonical\" href=\"https:\/\/prix-tournesol-avignon.fr\/?page_id=21\" \/>\n<meta property=\"og:locale\" content=\"fr_FR\" \/>\n<meta property=\"og:type\" content=\"article\" \/>\n<meta property=\"og:title\" content=\"Charte des compagnies - Prix Tournesol\" \/>\n<meta property=\"og:description\" content=\"Les Prix Tournesol du Spectacle Vivant sont d\u00e9cern\u00e9s durant le festival d\u2019Avignon et sont au nombre de 3\u202f:&nbsp; . Le Prix \u00ab\u202fTournesol\u202f\u00bb\u202f: Prix du spectacle vivant adulte\u202f&nbsp; . Le Prix \u00ab\u202fJeunes Pousses\u202f\u00bb\u202f: Prix du spectacle pour enfants&nbsp;&nbsp; . Le Prix \u00ab Saltimbanques\u202f\u00bb\u202f: Prix Humour, Music-hall, Cirque, Clowns\u2026&nbsp; La pr\u00e9sente Charte s\u2019inspire pour partie de celle [&hellip;]\" \/>\n<meta property=\"og:url\" content=\"https:\/\/prix-tournesol-avignon.fr\/?page_id=21\" \/>\n<meta property=\"og:site_name\" content=\"Prix Tournesol\" \/>\n<meta property=\"article:publisher\" content=\"https:\/\/www.facebook.com\/groups\/133682346653453\" \/>\n<meta property=\"article:modified_time\" content=\"2022-06-15T13:53:24+00:00\" \/>\n<meta property=\"og:image\" content=\"http:\/\/prix-tournesol-avignon.fr\/wp-content\/uploads\/2022\/06\/A-fleur-de-tournesol-sur-fond-de-ciel-bleu-1252394701_24-768x1024.jpg\" \/>\n<meta name=\"twitter:card\" content=\"summary_large_image\" \/>\n<meta name=\"twitter:label1\" content=\"Dur\u00e9e de lecture estim\u00e9e\" \/>\n\t<meta name=\"twitter:data1\" content=\"6 minutes\" \/>\n<script type=\"application\/ld+json\" class=\"yoast-schema-graph\">{\"@context\":\"https:\/\/schema.org\",\"@graph\":[{\"@type\":\"WebPage\",\"@id\":\"https:\/\/prix-tournesol-avignon.fr\/?page_id=21\",\"url\":\"https:\/\/prix-tournesol-avignon.fr\/?page_id=21\",\"name\":\"Charte des compagnies - Prix Tournesol\",\"isPartOf\":{\"@id\":\"https:\/\/prix-tournesol-avignon.fr\/#website\"},\"primaryImageOfPage\":{\"@id\":\"https:\/\/prix-tournesol-avignon.fr\/?page_id=21#primaryimage\"},\"image\":{\"@id\":\"https:\/\/prix-tournesol-avignon.fr\/?page_id=21#primaryimage\"},\"thumbnailUrl\":\"http:\/\/prix-tournesol-avignon.fr\/wp-content\/uploads\/2022\/06\/A-fleur-de-tournesol-sur-fond-de-ciel-bleu-1252394701_24-768x1024.jpg\",\"datePublished\":\"2022-06-15T13:48:13+00:00\",\"dateModified\":\"2022-06-15T13:53:24+00:00\",\"breadcrumb\":{\"@id\":\"https:\/\/prix-tournesol-avignon.fr\/?page_id=21#breadcrumb\"},\"inLanguage\":\"fr-FR\",\"potentialAction\":[{\"@type\":\"ReadAction\",\"target\":[\"https:\/\/prix-tournesol-avignon.fr\/?page_id=21\"]}]},{\"@type\":\"ImageObject\",\"inLanguage\":\"fr-FR\",\"@id\":\"https:\/\/prix-tournesol-avignon.fr\/?page_id=21#primaryimage\",\"url\":\"http:\/\/prix-tournesol-avignon.fr\/wp-content\/uploads\/2022\/06\/A-fleur-de-tournesol-sur-fond-de-ciel-bleu-1252394701_24-768x1024.jpg\",\"contentUrl\":\"http:\/\/prix-tournesol-avignon.fr\/wp-content\/uploads\/2022\/06\/A-fleur-de-tournesol-sur-fond-de-ciel-bleu-1252394701_24-768x1024.jpg\"},{\"@type\":\"BreadcrumbList\",\"@id\":\"https:\/\/prix-tournesol-avignon.fr\/?page_id=21#breadcrumb\",\"itemListElement\":[{\"@type\":\"ListItem\",\"position\":1,\"name\":\"Accueil\",\"item\":\"https:\/\/prix-tournesol-avignon.fr\/\"},{\"@type\":\"ListItem\",\"position\":2,\"name\":\"Charte des compagnies\"}]},{\"@type\":\"WebSite\",\"@id\":\"https:\/\/prix-tournesol-avignon.fr\/#website\",\"url\":\"https:\/\/prix-tournesol-avignon.fr\/\",\"name\":\"Prix Tournesol\",\"description\":\"Les artistes sont des lanceurs d&#039;alerte presque comme les autres...\",\"publisher\":{\"@id\":\"https:\/\/prix-tournesol-avignon.fr\/#organization\"},\"potentialAction\":[{\"@type\":\"SearchAction\",\"target\":{\"@type\":\"EntryPoint\",\"urlTemplate\":\"https:\/\/prix-tournesol-avignon.fr\/?s={search_term_string}\"},\"query-input\":{\"@type\":\"PropertyValueSpecification\",\"valueRequired\":true,\"valueName\":\"search_term_string\"}}],\"inLanguage\":\"fr-FR\"},{\"@type\":\"Organization\",\"@id\":\"https:\/\/prix-tournesol-avignon.fr\/#organization\",\"name\":\"prix tournesol\",\"url\":\"https:\/\/prix-tournesol-avignon.fr\/\",\"logo\":{\"@type\":\"ImageObject\",\"inLanguage\":\"fr-FR\",\"@id\":\"https:\/\/prix-tournesol-avignon.fr\/#\/schema\/logo\/image\/\",\"url\":\"https:\/\/prix-tournesol-avignon.fr\/wp-content\/uploads\/2022\/06\/LOGO-avec-blanc5-HOP-POUR-JL-edited.jpg\",\"contentUrl\":\"https:\/\/prix-tournesol-avignon.fr\/wp-content\/uploads\/2022\/06\/LOGO-avec-blanc5-HOP-POUR-JL-edited.jpg\",\"width\":469,\"height\":646,\"caption\":\"prix tournesol\"},\"image\":{\"@id\":\"https:\/\/prix-tournesol-avignon.fr\/#\/schema\/logo\/image\/\"},\"sameAs\":[\"https:\/\/www.facebook.com\/groups\/133682346653453\"]}]}<\/script>\n<!-- \/ Yoast SEO plugin. -->","yoast_head_json":{"title":"Charte des compagnies - Prix Tournesol","robots":{"index":"index","follow":"follow","max-snippet":"max-snippet:-1","max-image-preview":"max-image-preview:large","max-video-preview":"max-video-preview:-1"},"canonical":"https:\/\/prix-tournesol-avignon.fr\/?page_id=21","og_locale":"fr_FR","og_type":"article","og_title":"Charte des compagnies - Prix Tournesol","og_description":"Les Prix Tournesol du Spectacle Vivant sont d\u00e9cern\u00e9s durant le festival d\u2019Avignon et sont au nombre de 3\u202f:&nbsp; . Le Prix \u00ab\u202fTournesol\u202f\u00bb\u202f: Prix du spectacle vivant adulte\u202f&nbsp; . Le Prix \u00ab\u202fJeunes Pousses\u202f\u00bb\u202f: Prix du spectacle pour enfants&nbsp;&nbsp; . Le Prix \u00ab Saltimbanques\u202f\u00bb\u202f: Prix Humour, Music-hall, Cirque, Clowns\u2026&nbsp; La pr\u00e9sente Charte s\u2019inspire pour partie de celle [&hellip;]","og_url":"https:\/\/prix-tournesol-avignon.fr\/?page_id=21","og_site_name":"Prix Tournesol","article_publisher":"https:\/\/www.facebook.com\/groups\/133682346653453","article_modified_time":"2022-06-15T13:53:24+00:00","og_image":[{"url":"http:\/\/prix-tournesol-avignon.fr\/wp-content\/uploads\/2022\/06\/A-fleur-de-tournesol-sur-fond-de-ciel-bleu-1252394701_24-768x1024.jpg","type":"","width":"","height":""}],"twitter_card":"summary_large_image","twitter_misc":{"Dur\u00e9e de lecture estim\u00e9e":"6 minutes"},"schema":{"@context":"https:\/\/schema.org","@graph":[{"@type":"WebPage","@id":"https:\/\/prix-tournesol-avignon.fr\/?page_id=21","url":"https:\/\/prix-tournesol-avignon.fr\/?page_id=21","name":"Charte des compagnies - Prix Tournesol","isPartOf":{"@id":"https:\/\/prix-tournesol-avignon.fr\/#website"},"primaryImageOfPage":{"@id":"https:\/\/prix-tournesol-avignon.fr\/?page_id=21#primaryimage"},"image":{"@id":"https:\/\/prix-tournesol-avignon.fr\/?page_id=21#primaryimage"},"thumbnailUrl":"http:\/\/prix-tournesol-avignon.fr\/wp-content\/uploads\/2022\/06\/A-fleur-de-tournesol-sur-fond-de-ciel-bleu-1252394701_24-768x1024.jpg","datePublished":"2022-06-15T13:48:13+00:00","dateModified":"2022-06-15T13:53:24+00:00","breadcrumb":{"@id":"https:\/\/prix-tournesol-avignon.fr\/?page_id=21#breadcrumb"},"inLanguage":"fr-FR","potentialAction":[{"@type":"ReadAction","target":["https:\/\/prix-tournesol-avignon.fr\/?page_id=21"]}]},{"@type":"ImageObject","inLanguage":"fr-FR","@id":"https:\/\/prix-tournesol-avignon.fr\/?page_id=21#primaryimage","url":"http:\/\/prix-tournesol-avignon.fr\/wp-content\/uploads\/2022\/06\/A-fleur-de-tournesol-sur-fond-de-ciel-bleu-1252394701_24-768x1024.jpg","contentUrl":"http:\/\/prix-tournesol-avignon.fr\/wp-content\/uploads\/2022\/06\/A-fleur-de-tournesol-sur-fond-de-ciel-bleu-1252394701_24-768x1024.jpg"},{"@type":"BreadcrumbList","@id":"https:\/\/prix-tournesol-avignon.fr\/?page_id=21#breadcrumb","itemListElement":[{"@type":"ListItem","position":1,"name":"Accueil","item":"https:\/\/prix-tournesol-avignon.fr\/"},{"@type":"ListItem","position":2,"name":"Charte des compagnies"}]},{"@type":"WebSite","@id":"https:\/\/prix-tournesol-avignon.fr\/#website","url":"https:\/\/prix-tournesol-avignon.fr\/","name":"Prix Tournesol","description":"Les artistes sont des lanceurs d&#039;alerte presque comme les autres...","publisher":{"@id":"https:\/\/prix-tournesol-avignon.fr\/#organization"},"potentialAction":[{"@type":"SearchAction","target":{"@type":"EntryPoint","urlTemplate":"https:\/\/prix-tournesol-avignon.fr\/?s={search_term_string}"},"query-input":{"@type":"PropertyValueSpecification","valueRequired":true,"valueName":"search_term_string"}}],"inLanguage":"fr-FR"},{"@type":"Organization","@id":"https:\/\/prix-tournesol-avignon.fr\/#organization","name":"prix tournesol","url":"https:\/\/prix-tournesol-avignon.fr\/","logo":{"@type":"ImageObject","inLanguage":"fr-FR","@id":"https:\/\/prix-tournesol-avignon.fr\/#\/schema\/logo\/image\/","url":"https:\/\/prix-tournesol-avignon.fr\/wp-content\/uploads\/2022\/06\/LOGO-avec-blanc5-HOP-POUR-JL-edited.jpg","contentUrl":"https:\/\/prix-tournesol-avignon.fr\/wp-content\/uploads\/2022\/06\/LOGO-avec-blanc5-HOP-POUR-JL-edited.jpg","width":469,"height":646,"caption":"prix tournesol"},"image":{"@id":"https:\/\/prix-tournesol-avignon.fr\/#\/schema\/logo\/image\/"},"sameAs":["https:\/\/www.facebook.com\/groups\/133682346653453"]}]}},"jetpack_sharing_enabled":true,"_links":{"self":[{"href":"https:\/\/prix-tournesol-avignon.fr\/index.php?rest_route=\/wp\/v2\/pages\/21","targetHints":{"allow":["GET"]}}],"collection":[{"href":"https:\/\/prix-tournesol-avignon.fr\/index.php?rest_route=\/wp\/v2\/pages"}],"about":[{"href":"https:\/\/prix-tournesol-avignon.fr\/index.php?rest_route=\/wp\/v2\/types\/page"}],"author":[{"embeddable":true,"href":"https:\/\/prix-tournesol-avignon.fr\/index.php?rest_route=\/wp\/v2\/users\/1"}],"replies":[{"embeddable":true,"href":"https:\/\/prix-tournesol-avignon.fr\/index.php?rest_route=%2Fwp%2Fv2%2Fcomments&post=21"}],"version-history":[{"count":3,"href":"https:\/\/prix-tournesol-avignon.fr\/index.php?rest_route=\/wp\/v2\/pages\/21\/revisions"}],"predecessor-version":[{"id":26,"href":"https:\/\/prix-tournesol-avignon.fr\/index.php?rest_route=\/wp\/v2\/pages\/21\/revisions\/26"}],"wp:attachment":[{"href":"https:\/\/prix-tournesol-avignon.fr\/index.php?rest_route=%2Fwp%2Fv2%2Fmedia&parent=21"}],"curies":[{"name":"wp","href":"https:\/\/api.w.org\/{rel}","templated":true}]}}