{"id":192,"date":"2022-06-24T20:42:13","date_gmt":"2022-06-24T18:42:13","guid":{"rendered":"https:\/\/prix-tournesol-avignon.fr\/?page_id=192"},"modified":"2022-06-25T21:56:27","modified_gmt":"2022-06-25T19:56:27","slug":"pt-2012","status":"publish","type":"page","link":"https:\/\/prix-tournesol-avignon.fr\/?page_id=192","title":{"rendered":"PT 2012"},"content":{"rendered":"\n<figure class=\"wp-block-image size-large\"><img data-recalc-dims=\"1\" fetchpriority=\"high\" decoding=\"async\" width=\"1024\" height=\"768\" src=\"https:\/\/i0.wp.com\/prix-tournesol-avignon.fr\/wp-content\/uploads\/2022\/06\/DSC00818.jpg?resize=1024%2C768&#038;ssl=1\" alt=\"\" class=\"wp-image-193\" srcset=\"https:\/\/i0.wp.com\/prix-tournesol-avignon.fr\/wp-content\/uploads\/2022\/06\/DSC00818-scaled.jpg?resize=1024%2C768&amp;ssl=1 1024w, https:\/\/i0.wp.com\/prix-tournesol-avignon.fr\/wp-content\/uploads\/2022\/06\/DSC00818-scaled.jpg?resize=300%2C225&amp;ssl=1 300w, https:\/\/i0.wp.com\/prix-tournesol-avignon.fr\/wp-content\/uploads\/2022\/06\/DSC00818-scaled.jpg?resize=768%2C576&amp;ssl=1 768w, https:\/\/i0.wp.com\/prix-tournesol-avignon.fr\/wp-content\/uploads\/2022\/06\/DSC00818-scaled.jpg?resize=1536%2C1152&amp;ssl=1 1536w, https:\/\/i0.wp.com\/prix-tournesol-avignon.fr\/wp-content\/uploads\/2022\/06\/DSC00818-scaled.jpg?resize=2048%2C1536&amp;ssl=1 2048w\" sizes=\"(max-width: 1000px) 100vw, 1000px\" \/><figcaption>Christophe Al\u00e9v\u00eaque, parrain du PT 2012, C\u00e9cile Helle, vice-pr\u00e9sidente du Conseil R\u00e9gional PACA et Jean-Luc fauche, coordonnateur du PT<\/figcaption><\/figure>\n\n\n\n<p>C<em>ommuniqu\u00e9 de presse<\/em>\u202f:&nbsp;&nbsp;  <strong>Nominations Prix Tournesol 2012<\/strong>&nbsp;<\/p>\n\n\n\n<p><strong>et remise des prix Jeudi 26 juillet 2012 \u00e0 la Maison Jean Vilar<\/strong>&nbsp;<\/p>\n\n\n\n<p>La remise des Prix Tournesol 2012 aura lieu ce <strong>jeudi 26  \u00e0 16 H 30 \u00e0 la Maison Jean Vilar.<\/strong>&nbsp; Les Troph\u00e9es seront remis aux laur\u00e9ats notamment par <strong>Christophe Al\u00e9v\u00eaque<\/strong>, humoriste et altermondialiste, <strong>Jacques Martial<\/strong>, acteur (r\u00f4le de \u00ab\u202fBain-Marie\u202f\u00bb dans Navarro) et Pr\u00e9sident de la Grande Halle de La Villette,  <strong>Francine Bavay<\/strong>, vice-pr\u00e9sidente verte du Conseil r\u00e9gional d&rsquo;Ile-de-France, et <strong>C\u00e9cile Helle<\/strong>, Vice-Pr\u00e9sidente du Conseil R\u00e9gional PACA&nbsp;<\/p>\n\n\n\n<p>Liste des nomin\u00e9s du Tournesol 2012\u202f:&nbsp;<\/p>\n\n\n\n<figure class=\"wp-block-table has-small-font-size\"><table><tbody><tr><td>Lieu du spectacle&nbsp;&nbsp;<\/td><td>horaire&nbsp;<\/td><td>titre&nbsp;<\/td><td>Compagnies et lieu d\u2019origine&nbsp;&nbsp;<\/td><\/tr><tr><td><em><\/em>&nbsp;<\/td><td>&nbsp;<\/td><td>  Pour <em>Le  Grand  PRIX <\/em><\/td><td><em>TOURNESOL \u202f:<\/em>&nbsp;<\/td><\/tr><tr><td><strong>Les ateliers d\u2019Amphoux<\/strong>&nbsp;<\/td><td>12 h 20&nbsp;&nbsp;<\/td><td><strong>Sans Patrie<\/strong>&nbsp;<\/td><td>Cie Le puits qui parle&nbsp;(35310 Chavagne)&nbsp;<\/td><\/tr><tr><td><strong>Boulodrome de l\u2019\u00cele Piot<\/strong>&nbsp;<\/td><td>11 h 30&nbsp;<\/td><td><strong>Les Pieds Tanqu\u00e9s&nbsp;<\/strong>&nbsp;&nbsp;<\/td><td>Compagnie Artsc\u00e9nicum&nbsp;&nbsp;(Montfort-sur-Argens- Var)&nbsp;&nbsp;<\/td><\/tr><tr><td><strong>Ch\u00eane noir<\/strong>&nbsp;<\/td><td>11 h 30&nbsp;<\/td><td><strong>Avenir Radieux\u202f: une fission fran\u00e7aise<\/strong> <strong><\/strong>&nbsp;<\/td><td>Cie Un pas de c\u00f4t\u00e9 (Ile de France)&nbsp;&nbsp;&nbsp;&nbsp;&nbsp;&nbsp;&nbsp;&nbsp;&nbsp;&nbsp;&nbsp;&nbsp;&nbsp;&nbsp;&nbsp;&nbsp;&nbsp;&nbsp;&nbsp;&nbsp;&nbsp;&nbsp; Nicolas Lambert&nbsp;<\/td><\/tr><tr><td><strong>&nbsp;&nbsp;&nbsp; Universit\u00e9<\/strong>&nbsp;<\/td><td>11 h 00&nbsp;<\/td><td><strong>Les Olympides<\/strong>&nbsp;<\/td><td>Compagnie Art 27&nbsp;&nbsp;&nbsp;&nbsp;&nbsp; (Avignon)&nbsp;&nbsp;<\/td><\/tr><tr><td><em><\/em>&nbsp;<\/td><td>&nbsp;<\/td><td>Pour le <em>Prix Tournesol <\/em><\/td><td><strong><em>Saltimbanques\u202f:<\/em><\/strong>&nbsp;<\/td><\/tr><tr><td><strong>Laurette Th\u00e9\u00e2tre<\/strong>&nbsp;<\/td><td>17 h 30&nbsp;<\/td><td><strong>Exils&nbsp;&nbsp;<\/strong>&nbsp;<\/td><td>Cie du petit matin&nbsp; (Toulouse )&nbsp;<\/td><\/tr><tr><td><strong>Th\u00e9\u00e2tre des Doms<\/strong>&nbsp;<\/td><td>16 h&nbsp;<\/td><td><strong>ILO<\/strong>&nbsp;<\/td><td>Cie ChaliWat\u00e9 (Belgique)&nbsp;&nbsp;<\/td><\/tr><tr><td><strong>Girasole<\/strong>&nbsp;<\/td><td>17 h&nbsp;<\/td><td><strong>La Rosa Blanca<\/strong>&nbsp;<\/td><td>Th\u00e9\u00e2tre des quartiers d\u2019Uvry \u2013&nbsp;&nbsp;Maryse Aubert&nbsp;<\/td><\/tr><tr><td><em><\/em>&nbsp;<\/td><td>&nbsp;<\/td><td>                <em>Pour le Prix <\/em><\/td><td>&nbsp;<em>Tournesol<\/em>&nbsp;<strong><em>Jeunes Pousses<\/em><\/strong><em>\u202f:<\/em>&nbsp;<\/td><\/tr><tr><td><strong>CABESTAN<\/strong>&nbsp;<strong><\/strong>&nbsp;<\/td><td>10 h 30&nbsp;<\/td><td><strong>Les Fr\u00e8res Rippetout&nbsp;<\/strong>&nbsp;<\/td><td>Pile poil et compagnie (Ile de France)&nbsp;&nbsp;&nbsp;<\/td><\/tr><tr><td><strong>Ecole spectateur<\/strong>&nbsp;<\/td><td>14 h&nbsp;<\/td><td><strong>Le bal des abeilles&nbsp;<\/strong>&nbsp;<\/td><td>CIE Dhang Dhang \u2013 (Paris)&nbsp;&nbsp;&nbsp;<\/td><\/tr><tr><td><strong>Petite caserne<\/strong>&nbsp;<\/td><td>10 h 30&nbsp;<\/td><td><strong>La poubelle magique&nbsp;<\/strong>&nbsp;<\/td><td>Cie Parazar&nbsp;&nbsp;&nbsp;&nbsp;<\/td><\/tr><tr><td><strong>Th\u00e9\u00e2tre des vents&nbsp;<\/strong>&nbsp;<strong><\/strong>&nbsp;<\/td><td>14 h 10&nbsp;<\/td><td><strong>Le petit chaperon UF&nbsp;&nbsp;<\/strong>&nbsp;<\/td><td>Cie Un peu de po\u00e9sie \u2013 (Avignon)&nbsp;<\/td><\/tr><\/tbody><\/table><\/figure>\n\n\n\n<figure class=\"wp-block-image size-full\"><img data-recalc-dims=\"1\" decoding=\"async\" width=\"768\" height=\"1024\" src=\"https:\/\/i0.wp.com\/prix-tournesol-avignon.fr\/wp-content\/uploads\/2022\/06\/DSC00865-768x1024-1.jpeg?resize=768%2C1024&#038;ssl=1\" alt=\"\" class=\"wp-image-242\" srcset=\"https:\/\/i0.wp.com\/prix-tournesol-avignon.fr\/wp-content\/uploads\/2022\/06\/DSC00865-768x1024-1.jpeg?w=768&amp;ssl=1 768w, https:\/\/i0.wp.com\/prix-tournesol-avignon.fr\/wp-content\/uploads\/2022\/06\/DSC00865-768x1024-1.jpeg?resize=225%2C300&amp;ssl=1 225w\" sizes=\"(max-width: 768px) 100vw, 768px\" \/><figcaption>Philippe Chuyen, auteur et metteur en sc\u00e8ne de \u00ab\u00a0les pieds tanqu\u00e9s\u00a0\u00bb, Grand Prix Tournesol Jean Vilar 2012, avec Francine Bavay et Jacques Martial<\/figcaption><\/figure>\n\n\n\n<p class=\"has-vivid-green-cyan-background-color has-background\"><strong><em>Les 5 laur\u00e9ats 2012 :<\/em><\/strong><\/p>\n\n\n\n<p>Laur\u00e9at 2012 Prix TOURNESOL centenaire de Jean Vilar <\/p>\n\n\n\n<p class=\"has-large-font-size\"><strong>Les Pieds Tanqu\u00e9s<\/strong> &#8211; Compagnie Artsc\u00e9nicum (Montfort-sur-Argens- Var)<\/p>\n\n\n\n<p>Laur\u00e9at 2012 Prix TOURNESOL centenaire de Jacques Ellul <\/p>\n\n\n\n<p class=\"has-large-font-size\"><strong>Avenir Radieux : une fission fran\u00e7aise<\/strong> &#8211; Cie Un pas de c\u00f4t\u00e9 (Ile de France) &#8211; Nicolas Lambert<\/p>\n\n\n\n<p class=\"has-medium-font-size\">Laur\u00e9at 2012 Prix TOURNESOL Jeunes Pousses :      <\/p>\n\n\n\n<p class=\"has-large-font-size\"><strong>Les Fr\u00e8res Rippetout<\/strong> &#8211; Pile poil et compagnie (Ile de France)<\/p>\n\n\n\n<p class=\"has-medium-font-size\">Laur\u00e9at 2012 Prix TOURNESOL Saltimbanques :<\/p>\n\n\n\n<p class=\"has-large-font-size\">  <strong>Exils<\/strong> &#8211; Cie du petit matin (Toulouse )<\/p>\n\n\n\n<p>Laur\u00e9at 2012 Prix sp\u00e9cial du Jury TOURNESOL <\/p>\n\n\n\n<p class=\"has-large-font-size\"><strong>Soci\u00e9t\u00e9 de service<\/strong> &#8211; Zoo th\u00e9\u00e2tre (Charleroi \u2013 Belgique)<\/p>\n\n\n\n<figure class=\"wp-block-image size-large\"><img data-recalc-dims=\"1\" decoding=\"async\" width=\"1024\" height=\"768\" src=\"https:\/\/i0.wp.com\/prix-tournesol-avignon.fr\/wp-content\/uploads\/2022\/06\/DSC00784.jpg?resize=1024%2C768&#038;ssl=1\" alt=\"\" class=\"wp-image-201\" srcset=\"https:\/\/i0.wp.com\/prix-tournesol-avignon.fr\/wp-content\/uploads\/2022\/06\/DSC00784-scaled.jpg?resize=1024%2C768&amp;ssl=1 1024w, https:\/\/i0.wp.com\/prix-tournesol-avignon.fr\/wp-content\/uploads\/2022\/06\/DSC00784-scaled.jpg?resize=300%2C225&amp;ssl=1 300w, https:\/\/i0.wp.com\/prix-tournesol-avignon.fr\/wp-content\/uploads\/2022\/06\/DSC00784-scaled.jpg?resize=768%2C576&amp;ssl=1 768w, https:\/\/i0.wp.com\/prix-tournesol-avignon.fr\/wp-content\/uploads\/2022\/06\/DSC00784-scaled.jpg?resize=1536%2C1152&amp;ssl=1 1536w, https:\/\/i0.wp.com\/prix-tournesol-avignon.fr\/wp-content\/uploads\/2022\/06\/DSC00784-scaled.jpg?resize=2048%2C1536&amp;ssl=1 2048w\" sizes=\"(max-width: 1000px) 100vw, 1000px\" \/><figcaption>le public dans la cour de la maison jean Vilar<\/figcaption><\/figure>\n","protected":false},"excerpt":{"rendered":"<p>Communiqu\u00e9 de presse\u202f:&nbsp;&nbsp; Nominations Prix Tournesol 2012&nbsp; et remise des prix Jeudi 26 juillet 2012 \u00e0 la Maison Jean Vilar&nbsp; La remise des Prix Tournesol 2012 aura lieu ce jeudi 26 \u00e0 16 H 30 \u00e0 la Maison Jean Vilar.&nbsp; Les Troph\u00e9es seront remis aux laur\u00e9ats notamment par Christophe Al\u00e9v\u00eaque, humoriste et altermondialiste, Jacques Martial, [&hellip;]<\/p>\n","protected":false},"author":3,"featured_media":0,"parent":0,"menu_order":0,"comment_status":"closed","ping_status":"closed","template":"","meta":{"footnotes":""},"class_list":["post-192","page","type-page","status-publish","hentry"],"yoast_head":"<!-- This site is optimized with the Yoast SEO plugin v26.8 - https:\/\/yoast.com\/product\/yoast-seo-wordpress\/ -->\n<title>PT 2012 - Prix Tournesol<\/title>\n<meta name=\"robots\" content=\"index, follow, max-snippet:-1, max-image-preview:large, max-video-preview:-1\" \/>\n<link rel=\"canonical\" href=\"https:\/\/prix-tournesol-avignon.fr\/?page_id=192\" \/>\n<meta property=\"og:locale\" content=\"fr_FR\" \/>\n<meta property=\"og:type\" content=\"article\" \/>\n<meta property=\"og:title\" content=\"PT 2012 - Prix Tournesol\" \/>\n<meta property=\"og:description\" content=\"Communiqu\u00e9 de presse\u202f:&nbsp;&nbsp; Nominations Prix Tournesol 2012&nbsp; et remise des prix Jeudi 26 juillet 2012 \u00e0 la Maison Jean Vilar&nbsp; La remise des Prix Tournesol 2012 aura lieu ce jeudi 26 \u00e0 16 H 30 \u00e0 la Maison Jean Vilar.&nbsp; Les Troph\u00e9es seront remis aux laur\u00e9ats notamment par Christophe Al\u00e9v\u00eaque, humoriste et altermondialiste, Jacques Martial, [&hellip;]\" \/>\n<meta property=\"og:url\" content=\"https:\/\/prix-tournesol-avignon.fr\/?page_id=192\" \/>\n<meta property=\"og:site_name\" content=\"Prix Tournesol\" \/>\n<meta property=\"article:publisher\" content=\"https:\/\/www.facebook.com\/groups\/133682346653453\" \/>\n<meta property=\"article:modified_time\" content=\"2022-06-25T19:56:27+00:00\" \/>\n<meta property=\"og:image\" content=\"https:\/\/prix-tournesol-avignon.fr\/wp-content\/uploads\/2022\/06\/DSC00818-1024x768.jpg\" \/>\n<meta name=\"twitter:card\" content=\"summary_large_image\" \/>\n<meta name=\"twitter:label1\" content=\"Dur\u00e9e de lecture estim\u00e9e\" \/>\n\t<meta name=\"twitter:data1\" content=\"3 minutes\" \/>\n<script type=\"application\/ld+json\" class=\"yoast-schema-graph\">{\"@context\":\"https:\/\/schema.org\",\"@graph\":[{\"@type\":\"WebPage\",\"@id\":\"https:\/\/prix-tournesol-avignon.fr\/?page_id=192\",\"url\":\"https:\/\/prix-tournesol-avignon.fr\/?page_id=192\",\"name\":\"PT 2012 - Prix Tournesol\",\"isPartOf\":{\"@id\":\"https:\/\/prix-tournesol-avignon.fr\/#website\"},\"primaryImageOfPage\":{\"@id\":\"https:\/\/prix-tournesol-avignon.fr\/?page_id=192#primaryimage\"},\"image\":{\"@id\":\"https:\/\/prix-tournesol-avignon.fr\/?page_id=192#primaryimage\"},\"thumbnailUrl\":\"https:\/\/prix-tournesol-avignon.fr\/wp-content\/uploads\/2022\/06\/DSC00818-1024x768.jpg\",\"datePublished\":\"2022-06-24T18:42:13+00:00\",\"dateModified\":\"2022-06-25T19:56:27+00:00\",\"breadcrumb\":{\"@id\":\"https:\/\/prix-tournesol-avignon.fr\/?page_id=192#breadcrumb\"},\"inLanguage\":\"fr-FR\",\"potentialAction\":[{\"@type\":\"ReadAction\",\"target\":[\"https:\/\/prix-tournesol-avignon.fr\/?page_id=192\"]}]},{\"@type\":\"ImageObject\",\"inLanguage\":\"fr-FR\",\"@id\":\"https:\/\/prix-tournesol-avignon.fr\/?page_id=192#primaryimage\",\"url\":\"https:\/\/prix-tournesol-avignon.fr\/wp-content\/uploads\/2022\/06\/DSC00818-1024x768.jpg\",\"contentUrl\":\"https:\/\/prix-tournesol-avignon.fr\/wp-content\/uploads\/2022\/06\/DSC00818-1024x768.jpg\"},{\"@type\":\"BreadcrumbList\",\"@id\":\"https:\/\/prix-tournesol-avignon.fr\/?page_id=192#breadcrumb\",\"itemListElement\":[{\"@type\":\"ListItem\",\"position\":1,\"name\":\"Accueil\",\"item\":\"https:\/\/prix-tournesol-avignon.fr\/\"},{\"@type\":\"ListItem\",\"position\":2,\"name\":\"PT 2012\"}]},{\"@type\":\"WebSite\",\"@id\":\"https:\/\/prix-tournesol-avignon.fr\/#website\",\"url\":\"https:\/\/prix-tournesol-avignon.fr\/\",\"name\":\"Prix Tournesol\",\"description\":\"Les artistes sont des lanceurs d&#039;alerte presque comme les autres...\",\"publisher\":{\"@id\":\"https:\/\/prix-tournesol-avignon.fr\/#organization\"},\"potentialAction\":[{\"@type\":\"SearchAction\",\"target\":{\"@type\":\"EntryPoint\",\"urlTemplate\":\"https:\/\/prix-tournesol-avignon.fr\/?s={search_term_string}\"},\"query-input\":{\"@type\":\"PropertyValueSpecification\",\"valueRequired\":true,\"valueName\":\"search_term_string\"}}],\"inLanguage\":\"fr-FR\"},{\"@type\":\"Organization\",\"@id\":\"https:\/\/prix-tournesol-avignon.fr\/#organization\",\"name\":\"prix tournesol\",\"url\":\"https:\/\/prix-tournesol-avignon.fr\/\",\"logo\":{\"@type\":\"ImageObject\",\"inLanguage\":\"fr-FR\",\"@id\":\"https:\/\/prix-tournesol-avignon.fr\/#\/schema\/logo\/image\/\",\"url\":\"https:\/\/prix-tournesol-avignon.fr\/wp-content\/uploads\/2022\/06\/LOGO-avec-blanc5-HOP-POUR-JL-edited.jpg\",\"contentUrl\":\"https:\/\/prix-tournesol-avignon.fr\/wp-content\/uploads\/2022\/06\/LOGO-avec-blanc5-HOP-POUR-JL-edited.jpg\",\"width\":469,\"height\":646,\"caption\":\"prix tournesol\"},\"image\":{\"@id\":\"https:\/\/prix-tournesol-avignon.fr\/#\/schema\/logo\/image\/\"},\"sameAs\":[\"https:\/\/www.facebook.com\/groups\/133682346653453\"]}]}<\/script>\n<!-- \/ Yoast SEO plugin. -->","yoast_head_json":{"title":"PT 2012 - Prix Tournesol","robots":{"index":"index","follow":"follow","max-snippet":"max-snippet:-1","max-image-preview":"max-image-preview:large","max-video-preview":"max-video-preview:-1"},"canonical":"https:\/\/prix-tournesol-avignon.fr\/?page_id=192","og_locale":"fr_FR","og_type":"article","og_title":"PT 2012 - Prix Tournesol","og_description":"Communiqu\u00e9 de presse\u202f:&nbsp;&nbsp; Nominations Prix Tournesol 2012&nbsp; et remise des prix Jeudi 26 juillet 2012 \u00e0 la Maison Jean Vilar&nbsp; La remise des Prix Tournesol 2012 aura lieu ce jeudi 26 \u00e0 16 H 30 \u00e0 la Maison Jean Vilar.&nbsp; Les Troph\u00e9es seront remis aux laur\u00e9ats notamment par Christophe Al\u00e9v\u00eaque, humoriste et altermondialiste, Jacques Martial, [&hellip;]","og_url":"https:\/\/prix-tournesol-avignon.fr\/?page_id=192","og_site_name":"Prix Tournesol","article_publisher":"https:\/\/www.facebook.com\/groups\/133682346653453","article_modified_time":"2022-06-25T19:56:27+00:00","og_image":[{"url":"https:\/\/prix-tournesol-avignon.fr\/wp-content\/uploads\/2022\/06\/DSC00818-1024x768.jpg","type":"","width":"","height":""}],"twitter_card":"summary_large_image","twitter_misc":{"Dur\u00e9e de lecture estim\u00e9e":"3 minutes"},"schema":{"@context":"https:\/\/schema.org","@graph":[{"@type":"WebPage","@id":"https:\/\/prix-tournesol-avignon.fr\/?page_id=192","url":"https:\/\/prix-tournesol-avignon.fr\/?page_id=192","name":"PT 2012 - Prix Tournesol","isPartOf":{"@id":"https:\/\/prix-tournesol-avignon.fr\/#website"},"primaryImageOfPage":{"@id":"https:\/\/prix-tournesol-avignon.fr\/?page_id=192#primaryimage"},"image":{"@id":"https:\/\/prix-tournesol-avignon.fr\/?page_id=192#primaryimage"},"thumbnailUrl":"https:\/\/prix-tournesol-avignon.fr\/wp-content\/uploads\/2022\/06\/DSC00818-1024x768.jpg","datePublished":"2022-06-24T18:42:13+00:00","dateModified":"2022-06-25T19:56:27+00:00","breadcrumb":{"@id":"https:\/\/prix-tournesol-avignon.fr\/?page_id=192#breadcrumb"},"inLanguage":"fr-FR","potentialAction":[{"@type":"ReadAction","target":["https:\/\/prix-tournesol-avignon.fr\/?page_id=192"]}]},{"@type":"ImageObject","inLanguage":"fr-FR","@id":"https:\/\/prix-tournesol-avignon.fr\/?page_id=192#primaryimage","url":"https:\/\/prix-tournesol-avignon.fr\/wp-content\/uploads\/2022\/06\/DSC00818-1024x768.jpg","contentUrl":"https:\/\/prix-tournesol-avignon.fr\/wp-content\/uploads\/2022\/06\/DSC00818-1024x768.jpg"},{"@type":"BreadcrumbList","@id":"https:\/\/prix-tournesol-avignon.fr\/?page_id=192#breadcrumb","itemListElement":[{"@type":"ListItem","position":1,"name":"Accueil","item":"https:\/\/prix-tournesol-avignon.fr\/"},{"@type":"ListItem","position":2,"name":"PT 2012"}]},{"@type":"WebSite","@id":"https:\/\/prix-tournesol-avignon.fr\/#website","url":"https:\/\/prix-tournesol-avignon.fr\/","name":"Prix Tournesol","description":"Les artistes sont des lanceurs d&#039;alerte presque comme les autres...","publisher":{"@id":"https:\/\/prix-tournesol-avignon.fr\/#organization"},"potentialAction":[{"@type":"SearchAction","target":{"@type":"EntryPoint","urlTemplate":"https:\/\/prix-tournesol-avignon.fr\/?s={search_term_string}"},"query-input":{"@type":"PropertyValueSpecification","valueRequired":true,"valueName":"search_term_string"}}],"inLanguage":"fr-FR"},{"@type":"Organization","@id":"https:\/\/prix-tournesol-avignon.fr\/#organization","name":"prix tournesol","url":"https:\/\/prix-tournesol-avignon.fr\/","logo":{"@type":"ImageObject","inLanguage":"fr-FR","@id":"https:\/\/prix-tournesol-avignon.fr\/#\/schema\/logo\/image\/","url":"https:\/\/prix-tournesol-avignon.fr\/wp-content\/uploads\/2022\/06\/LOGO-avec-blanc5-HOP-POUR-JL-edited.jpg","contentUrl":"https:\/\/prix-tournesol-avignon.fr\/wp-content\/uploads\/2022\/06\/LOGO-avec-blanc5-HOP-POUR-JL-edited.jpg","width":469,"height":646,"caption":"prix tournesol"},"image":{"@id":"https:\/\/prix-tournesol-avignon.fr\/#\/schema\/logo\/image\/"},"sameAs":["https:\/\/www.facebook.com\/groups\/133682346653453"]}]}},"jetpack_sharing_enabled":true,"_links":{"self":[{"href":"https:\/\/prix-tournesol-avignon.fr\/index.php?rest_route=\/wp\/v2\/pages\/192","targetHints":{"allow":["GET"]}}],"collection":[{"href":"https:\/\/prix-tournesol-avignon.fr\/index.php?rest_route=\/wp\/v2\/pages"}],"about":[{"href":"https:\/\/prix-tournesol-avignon.fr\/index.php?rest_route=\/wp\/v2\/types\/page"}],"author":[{"embeddable":true,"href":"https:\/\/prix-tournesol-avignon.fr\/index.php?rest_route=\/wp\/v2\/users\/3"}],"replies":[{"embeddable":true,"href":"https:\/\/prix-tournesol-avignon.fr\/index.php?rest_route=%2Fwp%2Fv2%2Fcomments&post=192"}],"version-history":[{"count":5,"href":"https:\/\/prix-tournesol-avignon.fr\/index.php?rest_route=\/wp\/v2\/pages\/192\/revisions"}],"predecessor-version":[{"id":243,"href":"https:\/\/prix-tournesol-avignon.fr\/index.php?rest_route=\/wp\/v2\/pages\/192\/revisions\/243"}],"wp:attachment":[{"href":"https:\/\/prix-tournesol-avignon.fr\/index.php?rest_route=%2Fwp%2Fv2%2Fmedia&parent=192"}],"curies":[{"name":"wp","href":"https:\/\/api.w.org\/{rel}","templated":true}]}}