{"id":187,"date":"2022-06-24T17:23:58","date_gmt":"2022-06-24T15:23:58","guid":{"rendered":"https:\/\/prix-tournesol-avignon.fr\/?page_id=187"},"modified":"2022-07-27T15:19:23","modified_gmt":"2022-07-27T13:19:23","slug":"pt-2022","status":"publish","type":"page","link":"https:\/\/prix-tournesol-avignon.fr\/?page_id=187","title":{"rendered":"PT 2022"},"content":{"rendered":"\n<p>Avignon, le 27 juillet 2022<\/p>\n\n\n\n<p><strong>Prix Tournesol du Spectacle Vivant \u2013 Remise des <\/strong><em><strong>\u00ab\u00a0Moli\u00e8re verts\u00a0\u00bb<\/strong><\/em> <em><strong>ce mercredi 27 au Village du OFF \u00e0 10 H 30<\/strong><\/em><\/p>\n\n\n\n<p><em><sup>Notre slogan\u00a0:<strong> les artistes sont des lanceurs d&rsquo;alerte <\/strong>presque<strong> comme les autres&#8230;<\/strong><\/sup><\/em><\/p>\n\n\n\n<p>Les PRIX TOURNESOL du spectacle vivant ont \u00e9t\u00e9 d\u00e9cern\u00e9s ce 27 juillet parmi les 8 nomin\u00e9s, au terme de vingt jours de festival et de s\u00e9lection, parmi la cinquantaine de spectacles recens\u00e9s touchant d&rsquo;une mani\u00e8re ou d&rsquo;une autre, aux valeurs et aux enjeux d&rsquo;une \u00e9cologie humaniste et solidaire..<\/p>\n\n\n\n<p>                                    <strong>Grand Prix Tournesol 2022<\/strong><\/p>\n\n\n\n<figure class=\"wp-block-table\"><table class=\"has-vivid-purple-color has-text-color\"><tbody><tr><td><strong>Les Doms<\/strong><\/td><td>16 h 30<\/td><td><strong>La bombe humaine<\/strong><\/td><td>Prod Popi Jones<\/td><\/tr><\/tbody><\/table><\/figure>\n\n\n\n<p>                                  <strong>Prix \u00ab\u00a0coup de coeur\u00a0\u00bb du jury<\/strong><\/p>\n\n\n\n<figure class=\"wp-block-table\"><table class=\"has-vivid-purple-color has-text-color\"><tbody><tr><td><strong>Grand Pavois<\/strong><\/td><td><em><strong>13 h 50<\/strong><\/em><\/td><td><strong>Gueules noires<\/strong><\/td><td>Cie rentrez dans l&rsquo;Art<\/td><\/tr><\/tbody><\/table><\/figure>\n\n\n\n<p>                                     <strong>Prix du combat paysan<\/strong><\/p>\n\n\n\n<figure class=\"wp-block-table\"><table class=\"has-vivid-purple-color has-text-color\"><tbody><tr><td><strong>Lucioles<\/strong><\/td><td><em>21 h 45<\/em><\/td><td><strong>Petit paysan tu\u00e9<\/strong><\/td><td>Cie Cipango<\/td><\/tr><\/tbody><\/table><\/figure>\n\n\n\n<p>                             <strong>Prix Tournesol de l&rsquo;\u00e9cologie politique<\/strong><\/p>\n\n\n\n<figure class=\"wp-block-table\"><table class=\"has-vivid-purple-color has-text-color\"><tbody><tr><td><strong>La scala 200<\/strong><\/td><td>10 h<\/td><td><strong>Coupures<\/strong><\/td><td>Prod la poursuite du bleu<\/td><\/tr><\/tbody><\/table><\/figure>\n\n\n\n<p>                             <strong>Prix<em> Jeunes Pousses<\/em> ou <em>Tous publics\u00a0:<\/em><\/strong><\/p>\n\n\n\n<figure class=\"wp-block-table\"><table class=\"has-vivid-purple-color has-text-color\"><tbody><tr><td><strong>Roi Ren\u00e9<\/strong><\/td><td>10 h<\/td><td><strong>Le monde du silence gueule<\/strong><\/td><td>Cie Ki m&rsquo;aime me suive<\/td><\/tr><\/tbody><\/table><\/figure>\n\n\n\n<p><\/p>\n\n\n\n<p><\/p>\n\n\n\n<p>Les 3 autres nomin\u00e9s\u00a0:<\/p>\n\n\n\n<figure class=\"wp-block-table\"><table class=\"has-text-color\" style=\"color:#6351e0\"><tbody><tr><td><strong>Le 11 &#8211; Avignon<\/strong><\/td><td><em>10 h 35<\/em><\/td><td><strong>Gr\u00e8s (tentative de s\u00e9dimentation)<\/strong><\/td><td>Cie le d\u00e9sordre des choses<\/td><\/tr><tr><td><strong>Brunes<\/strong><\/td><td>10 h 10<\/td><td><strong>Miss \u00e9colo contre Pestos &#8211; <\/strong>Jeunes pousses<\/td><td>Cie P\u00e9cable<\/td><\/tr><tr><td><strong>Pr\u00e9sence Pasteur<\/strong><\/td><td>10h30<\/td><td><strong>Grossus 168,800 kg<\/strong><\/td><td>D8 compagnie<\/td><\/tr><\/tbody><\/table><\/figure>\n\n\n\n<p><\/p>\n\n\n\n<h3 class=\"wp-block-heading\"><strong>Prix Tournesol du Spectacle Vivant- Toujours plus n\u00e9cessaire&#8230; <\/strong><\/h3>\n\n\n\n<p><em>Notre slogan&nbsp;:<strong> les artistes sont des lanceurs d&rsquo;alerte <\/strong>presque<strong> comme les autres&#8230;<\/strong><\/em><\/p>\n\n\n\n<figure class=\"wp-block-gallery has-nested-images columns-default is-cropped wp-block-gallery-1 is-layout-flex wp-block-gallery-is-layout-flex\">\n<figure class=\"wp-block-image size-full\"><img data-recalc-dims=\"1\" fetchpriority=\"high\" decoding=\"async\" width=\"1024\" height=\"768\" data-id=\"360\" src=\"https:\/\/i0.wp.com\/prix-tournesol-avignon.fr\/wp-content\/uploads\/2022\/07\/image.png?resize=1024%2C768&#038;ssl=1\" alt=\"\" class=\"wp-image-360\" srcset=\"https:\/\/i0.wp.com\/prix-tournesol-avignon.fr\/wp-content\/uploads\/2022\/07\/image.png?resize=1024%2C768&amp;ssl=1 1024w, https:\/\/i0.wp.com\/prix-tournesol-avignon.fr\/wp-content\/uploads\/2022\/07\/image.png?resize=300%2C225&amp;ssl=1 300w, https:\/\/i0.wp.com\/prix-tournesol-avignon.fr\/wp-content\/uploads\/2022\/07\/image.png?resize=768%2C576&amp;ssl=1 768w, https:\/\/i0.wp.com\/prix-tournesol-avignon.fr\/wp-content\/uploads\/2022\/07\/image.png?resize=1536%2C1152&amp;ssl=1 1536w, https:\/\/i0.wp.com\/prix-tournesol-avignon.fr\/wp-content\/uploads\/2022\/07\/image.png?w=2048&amp;ssl=1 2048w\" sizes=\"(max-width: 1000px) 100vw, 1000px\" \/><figcaption>Les premiers troph\u00e9es Tournesol, cr\u00e9\u00e9s et gagn\u00e9s en 2006, de l&rsquo;artiste Julien Alegre<\/figcaption><\/figure>\n<\/figure>\n\n\n\n<p><strong>Communiqu\u00e9 de presse<\/strong> &#8211; Avignon, le 21 juillet 2022<\/p>\n\n\n\n<p>A l&rsquo;heure o\u00f9 Avignon, \u00e9tale, laisse cuire doucement ses festivaliers, o\u00f9 les flammes de la montagnette viennent quasiment l\u00e9cher le flanc sud de la ville rempart, naissant et renaissant comme un phoenix d&rsquo;apocalypse, les PRIX TOURNESOL justifient h\u00e9las toujours plus leur existence pendant le festival, tenant en 2022 leur 13\u00e8me \u00e9dition de ces prix de l&rsquo;\u00e9cologie et du spectacle vivant.<\/p>\n\n\n\n<p>Apr\u00e8s 15 jours de festival, le jury citoyen de 10 membres du PT garde encore en piste une vingtaine de spectacles traitant d&rsquo;\u00e9cologie humaniste, politique, sociale ou solidaire&#8230;<\/p>\n\n\n\n<p>Ne resteront en fin de semaine qu&rsquo;une huitaine de nomin\u00e9s, qui deviendront pour certains de ces spectacles les 3 ou 4 laur\u00e9ats de la s\u00e9lection Tournesol 2022.<\/p>\n\n\n\n<p>La remise des Prix se tiendra le <a href=\"https:\/\/prix-tournesol-avignon.fr\/?p=378\"><strong>mercredi 27 juillet, \u00e0 10 H 30, au Village du OFF<\/strong>.<\/a><\/p>\n\n\n\n<p class=\"has-background-color has-text-color\">Les spectacles encore en piste dans la course du Prix Tournesol au 21 juillet 2022 :<\/p>\n\n\n\n<figure class=\"wp-block-table has-small-font-size\"><table><tbody><tr><td><strong>LIEUX<\/strong><\/td><td><strong>Horaires<\/strong><\/td><td><strong>Nom du spectacle<\/strong><\/td><td><strong>Nom de la compagnie \/ origine<\/strong><br><\/td><\/tr><tr><td><strong><em>L<\/em><\/strong><em>e 11 &#8211; Gil<\/em><strong><em>g<\/em>amesh<\/strong><\/td><td><em>10 h 35<\/em><\/td><td><strong>Gr\u00e8s (tentative de s\u00e9dimentation)<\/strong><\/td><td>Cie le d\u00e9sordre des choses<\/td><\/tr><tr><td><strong>Le 11 &#8211; Gilgamesh<\/strong><\/td><td>15 h 30<\/td><td><strong>Notre histoire<\/strong><\/td><td>Cie S-vrai<\/td><\/tr><tr><td><strong>Atelier 44<\/strong><\/td><td>20 h 55<\/td><td><strong>Lettre aux paysans \u2013<\/strong> (Giono)<\/td><td>Cie Electro Chock et Cie de l&rsquo;Ame \u00e0 la vague<\/td><\/tr><tr><td><strong>Les Doms<\/strong><\/td><td>16 h 30<\/td><td><strong>La bombe humaine<\/strong><\/td><td>Prod Popi Jones<\/td><\/tr><tr><td><strong>ESPACE ROSEAU<\/strong><\/td><td>16 h 35<\/td><td><strong>L&rsquo;homme qui aimait les arbres<\/strong><\/td><td>JF et MF Broche<\/td><\/tr><tr><td><strong>Les Etoiles<\/strong><\/td><td><em>14 h 10<\/em><\/td><td><strong>On vous rappellera<\/strong><\/td><td>Cie les recruteurs<\/td><\/tr><tr><td><strong>FACTORY<\/strong> <strong>Chap Antonins<\/strong><\/td><td><em>10 h<\/em><\/td><td><strong>Cordialement<\/strong> <\/td><td>Cie donc du coup<\/td><\/tr><tr><td><strong>FACTORY<\/strong> <strong>Chap Antonins<\/strong><\/td><td><em>15 h 50<\/em><\/td><td><strong>Cinq \u00e9toiles <\/strong><\/td><td>Collectif dixit<\/td><\/tr><tr><td><strong>FACTORY<\/strong> <strong>Chap Antonins<\/strong><\/td><td><em>21 h 50<\/em><\/td><td><strong>Billion dollar baby &#8211; <\/strong>Du 7 au 17<\/td><td>Audrey Vernon \/ Bonne nouvelle production<\/td><\/tr><tr><td><strong>Girasole<\/strong><\/td><td><em>19 h 10<\/em><\/td><td><strong>L&rsquo;ouvre bo\u00eete <\/strong><\/td><td>Cie M acartan<\/td><\/tr><tr><td><strong>Golovine<\/strong><\/td><td><em>20 h 15<\/em><\/td><td><strong>Eclats terrestres<\/strong> \/ danse<\/td><td>Cie le sixi\u00e8me \u00e9tage<\/td><\/tr><tr><td><strong>Grand Pavois<\/strong><\/td><td><em><strong>13 h 50<\/strong><\/em><\/td><td><strong>Gueules noires<\/strong><\/td><td>Cie rentrez dans l&rsquo;Art<\/td><\/tr><tr><td><strong>Lucioles<\/strong><\/td><td><em>21 h 45<\/em><\/td><td><strong>Petit paysan tu\u00e9<\/strong><\/td><td>Cie Cipango<\/td><\/tr><tr><td><strong>Petite caserne<\/strong><\/td><td><em>13h<\/em><\/td><td><strong>Les entretiens d&#8217;embauche <\/strong><\/td><td>Cie les recruteurs<\/td><\/tr><tr><td><strong>Pr\u00e9s pasteur<\/strong><\/td><td>10h30<\/td><td><strong>Grossus 168,800 kg &#8211;<\/strong><\/td><td>D8 compagnie<\/td><\/tr><tr><td><strong>Pr\u00e9s pasteur<\/strong><\/td><td>10h30<\/td><td><strong>Trash<\/strong> &#8211; spect musical<\/td><td><strong>Cie encore un tour<\/strong><\/td><\/tr><tr><td><strong>La scala 200<\/strong><\/td><td>10 h<\/td><td><strong>Coupures <\/strong><\/td><td>Prod la poursuite du bleu<\/td><\/tr><tr><td><strong>La scala 100<\/strong><\/td><td>15 h 25<\/td><td><strong>Etienne A.<\/strong><\/td><td>Cie le nez au miliau du village<\/td><\/tr><tr><td><strong>Train bleu<\/strong><\/td><td>12 h<\/td><td><strong>Surprise parti<\/strong><\/td><td>Cie Madie Bergson- Bureau des filles<\/td><\/tr><\/tbody><\/table><\/figure>\n\n\n\n<figure class=\"wp-block-table\"><table><tbody><tr><td><br><\/td><td><br><\/td><td><em>Spectacles <strong>Jeunes Pousses ou Tous publics<\/strong><\/em><\/td><td><br><\/td><\/tr><tr><td><strong>archipel<\/strong><\/td><td>13 h 25<\/td><td><strong>Le secret des arbres \u2013<\/strong><em> JP<\/em><\/td><td>Cie Ici th\u00e9\u00e2tre<\/td><\/tr><tr><td><strong>Brunes<\/strong><\/td><td>10 h 10<\/td><td><strong>Miss \u00e9colo contre Pestos &#8211; <\/strong><em>JP<\/em><\/td><td>Cie P\u00e9cable<\/td><\/tr><tr><td><strong>Factory salle Tomasi<\/strong><\/td><td><em>10 h<\/em><\/td><td><strong>Louise a le choix &#8211; <\/strong><em>JP<\/em><\/td><td>Cie Lolium<\/td><\/tr><tr><td><strong>Roi Ren\u00e9<\/strong><\/td><td>10 h<\/td><td><strong>Le monde du silence gueule &#8211; <\/strong><em>JP<\/em><\/td><td>Cie Ki m&rsquo;aime me suive<\/td><\/tr><\/tbody><\/table><\/figure>\n","protected":false},"excerpt":{"rendered":"<p>Avignon, le 27 juillet 2022 Prix Tournesol du Spectacle Vivant \u2013 Remise des \u00ab\u00a0Moli\u00e8re verts\u00a0\u00bb ce mercredi 27 au Village du OFF \u00e0 10 H 30 Notre slogan\u00a0: les artistes sont des lanceurs d&rsquo;alerte presque comme les autres&#8230; Les PRIX TOURNESOL du spectacle vivant ont \u00e9t\u00e9 d\u00e9cern\u00e9s ce 27 juillet parmi les 8 nomin\u00e9s, au [&hellip;]<\/p>\n","protected":false},"author":3,"featured_media":0,"parent":0,"menu_order":0,"comment_status":"closed","ping_status":"closed","template":"","meta":{"footnotes":""},"class_list":["post-187","page","type-page","status-publish","hentry"],"yoast_head":"<!-- This site is optimized with the Yoast SEO plugin v26.8 - https:\/\/yoast.com\/product\/yoast-seo-wordpress\/ -->\n<title>PT 2022 - Prix Tournesol<\/title>\n<meta name=\"robots\" content=\"index, follow, max-snippet:-1, max-image-preview:large, max-video-preview:-1\" \/>\n<link rel=\"canonical\" href=\"https:\/\/prix-tournesol-avignon.fr\/?page_id=187\" \/>\n<meta property=\"og:locale\" content=\"fr_FR\" \/>\n<meta property=\"og:type\" content=\"article\" \/>\n<meta property=\"og:title\" content=\"PT 2022 - Prix Tournesol\" \/>\n<meta property=\"og:description\" content=\"Avignon, le 27 juillet 2022 Prix Tournesol du Spectacle Vivant \u2013 Remise des \u00ab\u00a0Moli\u00e8re verts\u00a0\u00bb ce mercredi 27 au Village du OFF \u00e0 10 H 30 Notre slogan\u00a0: les artistes sont des lanceurs d&rsquo;alerte presque comme les autres&#8230; Les PRIX TOURNESOL du spectacle vivant ont \u00e9t\u00e9 d\u00e9cern\u00e9s ce 27 juillet parmi les 8 nomin\u00e9s, au [&hellip;]\" \/>\n<meta property=\"og:url\" content=\"https:\/\/prix-tournesol-avignon.fr\/?page_id=187\" \/>\n<meta property=\"og:site_name\" content=\"Prix Tournesol\" \/>\n<meta property=\"article:publisher\" content=\"https:\/\/www.facebook.com\/groups\/133682346653453\" \/>\n<meta property=\"article:modified_time\" content=\"2022-07-27T13:19:23+00:00\" \/>\n<meta property=\"og:image\" content=\"https:\/\/prix-tournesol-avignon.fr\/wp-content\/uploads\/2022\/07\/image-1024x768.png\" \/>\n<meta name=\"twitter:card\" content=\"summary_large_image\" \/>\n<meta name=\"twitter:label1\" content=\"Dur\u00e9e de lecture estim\u00e9e\" \/>\n\t<meta name=\"twitter:data1\" content=\"4 minutes\" \/>\n<script type=\"application\/ld+json\" class=\"yoast-schema-graph\">{\"@context\":\"https:\/\/schema.org\",\"@graph\":[{\"@type\":\"WebPage\",\"@id\":\"https:\/\/prix-tournesol-avignon.fr\/?page_id=187\",\"url\":\"https:\/\/prix-tournesol-avignon.fr\/?page_id=187\",\"name\":\"PT 2022 - Prix Tournesol\",\"isPartOf\":{\"@id\":\"https:\/\/prix-tournesol-avignon.fr\/#website\"},\"primaryImageOfPage\":{\"@id\":\"https:\/\/prix-tournesol-avignon.fr\/?page_id=187#primaryimage\"},\"image\":{\"@id\":\"https:\/\/prix-tournesol-avignon.fr\/?page_id=187#primaryimage\"},\"thumbnailUrl\":\"https:\/\/prix-tournesol-avignon.fr\/wp-content\/uploads\/2022\/07\/image-1024x768.png\",\"datePublished\":\"2022-06-24T15:23:58+00:00\",\"dateModified\":\"2022-07-27T13:19:23+00:00\",\"breadcrumb\":{\"@id\":\"https:\/\/prix-tournesol-avignon.fr\/?page_id=187#breadcrumb\"},\"inLanguage\":\"fr-FR\",\"potentialAction\":[{\"@type\":\"ReadAction\",\"target\":[\"https:\/\/prix-tournesol-avignon.fr\/?page_id=187\"]}]},{\"@type\":\"ImageObject\",\"inLanguage\":\"fr-FR\",\"@id\":\"https:\/\/prix-tournesol-avignon.fr\/?page_id=187#primaryimage\",\"url\":\"https:\/\/i0.wp.com\/prix-tournesol-avignon.fr\/wp-content\/uploads\/2022\/07\/image.png?fit=2048%2C1536&ssl=1\",\"contentUrl\":\"https:\/\/i0.wp.com\/prix-tournesol-avignon.fr\/wp-content\/uploads\/2022\/07\/image.png?fit=2048%2C1536&ssl=1\",\"width\":2048,\"height\":1536},{\"@type\":\"BreadcrumbList\",\"@id\":\"https:\/\/prix-tournesol-avignon.fr\/?page_id=187#breadcrumb\",\"itemListElement\":[{\"@type\":\"ListItem\",\"position\":1,\"name\":\"Accueil\",\"item\":\"https:\/\/prix-tournesol-avignon.fr\/\"},{\"@type\":\"ListItem\",\"position\":2,\"name\":\"PT 2022\"}]},{\"@type\":\"WebSite\",\"@id\":\"https:\/\/prix-tournesol-avignon.fr\/#website\",\"url\":\"https:\/\/prix-tournesol-avignon.fr\/\",\"name\":\"Prix Tournesol\",\"description\":\"Les artistes sont des lanceurs d&#039;alerte presque comme les autres...\",\"publisher\":{\"@id\":\"https:\/\/prix-tournesol-avignon.fr\/#organization\"},\"potentialAction\":[{\"@type\":\"SearchAction\",\"target\":{\"@type\":\"EntryPoint\",\"urlTemplate\":\"https:\/\/prix-tournesol-avignon.fr\/?s={search_term_string}\"},\"query-input\":{\"@type\":\"PropertyValueSpecification\",\"valueRequired\":true,\"valueName\":\"search_term_string\"}}],\"inLanguage\":\"fr-FR\"},{\"@type\":\"Organization\",\"@id\":\"https:\/\/prix-tournesol-avignon.fr\/#organization\",\"name\":\"prix tournesol\",\"url\":\"https:\/\/prix-tournesol-avignon.fr\/\",\"logo\":{\"@type\":\"ImageObject\",\"inLanguage\":\"fr-FR\",\"@id\":\"https:\/\/prix-tournesol-avignon.fr\/#\/schema\/logo\/image\/\",\"url\":\"https:\/\/prix-tournesol-avignon.fr\/wp-content\/uploads\/2022\/06\/LOGO-avec-blanc5-HOP-POUR-JL-edited.jpg\",\"contentUrl\":\"https:\/\/prix-tournesol-avignon.fr\/wp-content\/uploads\/2022\/06\/LOGO-avec-blanc5-HOP-POUR-JL-edited.jpg\",\"width\":469,\"height\":646,\"caption\":\"prix tournesol\"},\"image\":{\"@id\":\"https:\/\/prix-tournesol-avignon.fr\/#\/schema\/logo\/image\/\"},\"sameAs\":[\"https:\/\/www.facebook.com\/groups\/133682346653453\"]}]}<\/script>\n<!-- \/ Yoast SEO plugin. -->","yoast_head_json":{"title":"PT 2022 - Prix Tournesol","robots":{"index":"index","follow":"follow","max-snippet":"max-snippet:-1","max-image-preview":"max-image-preview:large","max-video-preview":"max-video-preview:-1"},"canonical":"https:\/\/prix-tournesol-avignon.fr\/?page_id=187","og_locale":"fr_FR","og_type":"article","og_title":"PT 2022 - Prix Tournesol","og_description":"Avignon, le 27 juillet 2022 Prix Tournesol du Spectacle Vivant \u2013 Remise des \u00ab\u00a0Moli\u00e8re verts\u00a0\u00bb ce mercredi 27 au Village du OFF \u00e0 10 H 30 Notre slogan\u00a0: les artistes sont des lanceurs d&rsquo;alerte presque comme les autres&#8230; Les PRIX TOURNESOL du spectacle vivant ont \u00e9t\u00e9 d\u00e9cern\u00e9s ce 27 juillet parmi les 8 nomin\u00e9s, au [&hellip;]","og_url":"https:\/\/prix-tournesol-avignon.fr\/?page_id=187","og_site_name":"Prix Tournesol","article_publisher":"https:\/\/www.facebook.com\/groups\/133682346653453","article_modified_time":"2022-07-27T13:19:23+00:00","og_image":[{"url":"https:\/\/prix-tournesol-avignon.fr\/wp-content\/uploads\/2022\/07\/image-1024x768.png","type":"","width":"","height":""}],"twitter_card":"summary_large_image","twitter_misc":{"Dur\u00e9e de lecture estim\u00e9e":"4 minutes"},"schema":{"@context":"https:\/\/schema.org","@graph":[{"@type":"WebPage","@id":"https:\/\/prix-tournesol-avignon.fr\/?page_id=187","url":"https:\/\/prix-tournesol-avignon.fr\/?page_id=187","name":"PT 2022 - Prix Tournesol","isPartOf":{"@id":"https:\/\/prix-tournesol-avignon.fr\/#website"},"primaryImageOfPage":{"@id":"https:\/\/prix-tournesol-avignon.fr\/?page_id=187#primaryimage"},"image":{"@id":"https:\/\/prix-tournesol-avignon.fr\/?page_id=187#primaryimage"},"thumbnailUrl":"https:\/\/prix-tournesol-avignon.fr\/wp-content\/uploads\/2022\/07\/image-1024x768.png","datePublished":"2022-06-24T15:23:58+00:00","dateModified":"2022-07-27T13:19:23+00:00","breadcrumb":{"@id":"https:\/\/prix-tournesol-avignon.fr\/?page_id=187#breadcrumb"},"inLanguage":"fr-FR","potentialAction":[{"@type":"ReadAction","target":["https:\/\/prix-tournesol-avignon.fr\/?page_id=187"]}]},{"@type":"ImageObject","inLanguage":"fr-FR","@id":"https:\/\/prix-tournesol-avignon.fr\/?page_id=187#primaryimage","url":"https:\/\/i0.wp.com\/prix-tournesol-avignon.fr\/wp-content\/uploads\/2022\/07\/image.png?fit=2048%2C1536&ssl=1","contentUrl":"https:\/\/i0.wp.com\/prix-tournesol-avignon.fr\/wp-content\/uploads\/2022\/07\/image.png?fit=2048%2C1536&ssl=1","width":2048,"height":1536},{"@type":"BreadcrumbList","@id":"https:\/\/prix-tournesol-avignon.fr\/?page_id=187#breadcrumb","itemListElement":[{"@type":"ListItem","position":1,"name":"Accueil","item":"https:\/\/prix-tournesol-avignon.fr\/"},{"@type":"ListItem","position":2,"name":"PT 2022"}]},{"@type":"WebSite","@id":"https:\/\/prix-tournesol-avignon.fr\/#website","url":"https:\/\/prix-tournesol-avignon.fr\/","name":"Prix Tournesol","description":"Les artistes sont des lanceurs d&#039;alerte presque comme les autres...","publisher":{"@id":"https:\/\/prix-tournesol-avignon.fr\/#organization"},"potentialAction":[{"@type":"SearchAction","target":{"@type":"EntryPoint","urlTemplate":"https:\/\/prix-tournesol-avignon.fr\/?s={search_term_string}"},"query-input":{"@type":"PropertyValueSpecification","valueRequired":true,"valueName":"search_term_string"}}],"inLanguage":"fr-FR"},{"@type":"Organization","@id":"https:\/\/prix-tournesol-avignon.fr\/#organization","name":"prix tournesol","url":"https:\/\/prix-tournesol-avignon.fr\/","logo":{"@type":"ImageObject","inLanguage":"fr-FR","@id":"https:\/\/prix-tournesol-avignon.fr\/#\/schema\/logo\/image\/","url":"https:\/\/prix-tournesol-avignon.fr\/wp-content\/uploads\/2022\/06\/LOGO-avec-blanc5-HOP-POUR-JL-edited.jpg","contentUrl":"https:\/\/prix-tournesol-avignon.fr\/wp-content\/uploads\/2022\/06\/LOGO-avec-blanc5-HOP-POUR-JL-edited.jpg","width":469,"height":646,"caption":"prix tournesol"},"image":{"@id":"https:\/\/prix-tournesol-avignon.fr\/#\/schema\/logo\/image\/"},"sameAs":["https:\/\/www.facebook.com\/groups\/133682346653453"]}]}},"jetpack_sharing_enabled":true,"_links":{"self":[{"href":"https:\/\/prix-tournesol-avignon.fr\/index.php?rest_route=\/wp\/v2\/pages\/187","targetHints":{"allow":["GET"]}}],"collection":[{"href":"https:\/\/prix-tournesol-avignon.fr\/index.php?rest_route=\/wp\/v2\/pages"}],"about":[{"href":"https:\/\/prix-tournesol-avignon.fr\/index.php?rest_route=\/wp\/v2\/types\/page"}],"author":[{"embeddable":true,"href":"https:\/\/prix-tournesol-avignon.fr\/index.php?rest_route=\/wp\/v2\/users\/3"}],"replies":[{"embeddable":true,"href":"https:\/\/prix-tournesol-avignon.fr\/index.php?rest_route=%2Fwp%2Fv2%2Fcomments&post=187"}],"version-history":[{"count":8,"href":"https:\/\/prix-tournesol-avignon.fr\/index.php?rest_route=\/wp\/v2\/pages\/187\/revisions"}],"predecessor-version":[{"id":411,"href":"https:\/\/prix-tournesol-avignon.fr\/index.php?rest_route=\/wp\/v2\/pages\/187\/revisions\/411"}],"wp:attachment":[{"href":"https:\/\/prix-tournesol-avignon.fr\/index.php?rest_route=%2Fwp%2Fv2%2Fmedia&parent=187"}],"curies":[{"name":"wp","href":"https:\/\/api.w.org\/{rel}","templated":true}]}}